{"id":1586,"date":"2019-10-21T14:41:57","date_gmt":"2019-10-21T14:41:57","guid":{"rendered":"https:\/\/www.harbourgym.de\/?page_id=1586"},"modified":"2025-10-30T08:31:36","modified_gmt":"2025-10-30T07:31:36","slug":"datenschutzerklaerung","status":"publish","type":"page","link":"https:\/\/www.harbourgym.de\/index.php\/datenschutzerklaerung\/","title":{"rendered":"Datenschutzerkl\u00e4rung"},"content":{"rendered":"<div class=\"wpb-content-wrapper\"><p>[vc_row][vc_column][vc_column_text]<\/p>\r\n\r\n<h1 class=\"wp-block-heading\">Umsetzung von Informationspflichten f\u00fcr Datenschutzerkl\u00e4rungen<\/h1>\r\n\r\n\r\n\r\n<h3 class=\"wp-block-heading\">1. Datenschutzerkl\u00e4rung<\/h3>\r\n\r\n<p>Wir freuen uns \u00fcber Ihren Besuch auf unseren Webseiten. Nachfolgend m\u00f6chten wir Sie \u00fcber den Umgang mit Ihren Daten gem. Art. 13 Datenschutzgrundverordnung (DSGVO) informieren.<\/p>\r\n\r\n<p>&nbsp;<\/p>\r\n\r\n<h4 class=\"wp-block-heading\">Verantwortlicher<\/h4>\r\n\r\n<p>Verantwortlich f\u00fcr die nachfolgend dargestellte Datenerhebung und Verarbeitung ist die im Impressum genannte Stelle.<\/p>\r\n\r\n<p>&nbsp;<\/p>\r\n\r\n<h4 class=\"wp-block-heading\">Speicherung der IP-Adresse<\/h4>\r\n\r\n<p>Wir speichern die von Ihrem Webbrowser \u00fcbermittelte IP-Adresse streng zweckgebunden f\u00fcr die Dauer von sieben Tagen, in dem Interesse, Angriffe auf unsere Webseiten erkennen, eingrenzen und beseitigen zu k\u00f6nnen. Nach Ablauf dieser Zeitspanne l\u00f6schen bzw. anonymisieren wir die IP-Adresse. Rechtsgrundlage ist Art. 6 Abs. 1 lit. f) DSGVO.<\/p>\r\n\r\n<p>&nbsp;<\/p>\r\n\r\n<h4 class=\"wp-block-heading\">Nutzungsdaten<\/h4>\r\n\r\n<p>Wenn Sie unsere Webseiten besuchen, werden auf unserem Webserver tempor\u00e4r sogenannte Nutzungsdaten zu statistischen Zwecken als Protokoll gespeichert, um die Qualit\u00e4t unserer Webseiten zu verbessern. Dieser Datensatz besteht aus<\/p>\r\n\r\n<p>&nbsp;<\/p>\r\n\r\n<ul class=\"wp-block-list\">\r\n<li>der Seite, von der aus die Datei angefordert wurde,<\/li>\r\n<li>dem Namen der Datei,<\/li>\r\n<li>dem Datum und der Uhrzeit der Abfrage,<\/li>\r\n<li>der \u00fcbertragenen Datenmenge,<\/li>\r\n<li>dem Zugriffsstatus (Datei \u00fcbertragen, Datei nicht gefunden),<\/li>\r\n<li>der Beschreibung des Typs des verwendeten Webbrowsers,<\/li>\r\n<li>der IP-Adresse des anfragenden Rechners, die so verk\u00fcrzt wird, dass ein Personenbezug nicht mehr herstellbar ist.<\/li>\r\n<\/ul>\r\n\r\n<p>Die genannten Protokolldaten werden nur anonymisiert gespeichert.<\/p>\r\n\r\n<p>&nbsp;<\/p>\r\n\r\n<h3 class=\"wp-block-heading\">2. Daten\u00fcbermittlung an Dritte<\/h3>\r\n\r\n\r\n\r\n<h4 class=\"wp-block-heading\">Daten\u00fcbermittlung an Dritte<\/h4>\r\n\r\n<p>Wir \u00fcbermitteln Ihre personenbezogenen Daten nicht an Dritte.<\/p>\r\n\r\n<p>&nbsp;<\/p>\r\n\r\n<h3 class=\"wp-block-heading\">3. Cookies<\/h3>\r\n\r\n<p>Auf unseren Webseiten nutzen wir Cookies. Cookies sind kleine Textdateien, die auf Ihrem Endger\u00e4t gespeichert und ausgelesen werden k\u00f6nnen. Man unterscheidet zwischen Session-Cookies, die wieder gel\u00f6scht werden, sobald Sie ihren Browser schlie\u00dfen und permanenten Cookies, die \u00fcber die einzelne Sitzung hinaus gespeichert werden. Cookies k\u00f6nnen Daten enthalten, die eine Wiedererkennung des genutzten Ger\u00e4ts m\u00f6glich machen. Teilweise enthalten Cookies aber auch lediglich Informationen zu bestimmten Einstellungen, die nicht personenbeziehbar sind.<\/p>\r\n\r\n<p>Wir nutzen auf unseren Webseiten Session-Cookies und permanente Cookies. Die Verarbeitung erfolgt auf Grundlage von Art.6 Abs.1 lit.f) DSGVO und in dem Interesse die Benutzerf\u00fchrung zu optimieren bzw. zu erm\u00f6glichen und die Darstellung unserer Webseite anzupassen.<\/p>\r\n\r\n<p>Sie k\u00f6nnen Ihren Browser so einstellen, dass er Sie \u00fcber die Platzierung von Cookies informiert. So wird der Gebrauch von Cookies f\u00fcr Sie transparent. Sie k\u00f6nnen Cookies zudem jederzeit \u00fcber die entsprechende Browsereinstellung l\u00f6schen und das Setzen neuer Cookies verhindern. Bitte beachten Sie, dass unsere Webseiten dann ggf. nicht optimal angezeigt werden und einige Funktionen technisch nicht mehr zur Verf\u00fcgung stehen.<\/p>\r\n\r\n<p>&nbsp;<\/p>\r\n\r\n<h3 class=\"wp-block-heading\">4. Erl\u00e4uterungen der Sicherheitsma\u00dfnahmen<\/h3>\r\n\r\n\r\n\r\n<h4 class=\"wp-block-heading\">Datensicherheit<\/h4>\r\n\r\n<p>Um Ihre Daten vor unerw\u00fcnschten Zugriffen m\u00f6glichst umfassend zu sch\u00fctzen, treffen wir technische und organisatorische Ma\u00dfnahmen. Wir setzen auf unseren Seiten ein Verschl\u00fcsselungsverfahren ein. Ihre Angaben werden von Ihrem Rechner zu unserem Server und umgekehrt \u00fcber das Internet mittels einer TLS-Verschl\u00fcsselung \u00fcbertragen. Sie erkennen dies daran, dass in der Statusleiste Ihres Browsers das Schloss-Symbol geschlossen ist und die Adresszeile mit https:\/\/ beginnt.<\/p>\r\n\r\n<p>&nbsp;<\/p>\r\n\r\n<h3 class=\"wp-block-heading\">5. Rechte des Nutzers<\/h3>\r\n\r\n\r\n\r\n<h4 class=\"wp-block-heading\">Ihre Rechte als Nutzer<\/h4>\r\n\r\n<p>Bei Verarbeitung Ihrer personenbezogenen Daten gew\u00e4hrt die DSGVO Ihnen als Webseitennutzer bestimmte Rechte:<\/p>\r\n\r\n<p>1. Auskunftsrecht (Art. 15 DSGVO):<\/p>\r\n\r\n<p>Sie haben das Recht eine Best\u00e4tigung dar\u00fcber zu verlangen, ob sie betreffende personenbezogene Daten verarbeitet werden; ist dies der Fall, so haben Sie ein Recht auf Auskunft \u00fcber diese personenbezogenen Daten und auf die in Art. 15 DSGVO im einzelnen aufgef\u00fchrten Informationen.<\/p>\r\n\r\n<p>2. Recht auf Berichtigung und L\u00f6schung (Art. 16 und 17 DSGVO):<\/p>\r\n\r\n<p>Sie haben das Recht, unverz\u00fcglich die Berichtigung sie betreffender unrichtiger personenbezogener Daten und ggf. die Vervollst\u00e4ndigung unvollst\u00e4ndiger personenbezogener Daten zu verlangen.<\/p>\r\n\r\n<p>Sie haben zudem das Recht, zu verlangen, dass sie betreffende personenbezogene Daten unverz\u00fcglich gel\u00f6scht werden, sofern einer der in Art. 17 DSGVO im einzelnen aufgef\u00fchrten Gr\u00fcnde zutrifft, z. B. wenn die Daten f\u00fcr die verfolgten Zwecke nicht mehr ben\u00f6tigt werden.<\/p>\r\n\r\n<p>3. Recht auf Einschr\u00e4nkung der Verarbeitung (Art. 18 DSGVO):<\/p>\r\n\r\n<p>Sie haben das Recht, die Einschr\u00e4nkung der Verarbeitung zu verlangen, wenn eine der in Art. 18 DSGVO aufgef\u00fchrten Voraussetzungen gegeben ist, z. B. wenn Sie Widerspruch gegen die Verarbeitung eingelegt haben, f\u00fcr die Dauer einer etwaigen Pr\u00fcfung.<\/p>\r\n\r\n<p>4. Recht auf Daten\u00fcbertragbarkeit (Art. 20 DSGVO):<\/p>\r\n\r\n<p>In bestimmten F\u00e4llen, die in Art. 20 DSGVO im Einzelnen aufgef\u00fchrt werden, haben Sie das Recht, die sie betreffenden personenbezogenen Daten in einem strukturierten, g\u00e4ngigen und maschinenlesbaren Format zu erhalten bzw. die \u00dcbermittlung dieser Daten an einen Dritten zu verlangen.<\/p>\r\n\r\n<p>5. Widerspruchsrecht (Art. 21 DSGVO):<\/p>\r\n\r\n<p>Werden Daten auf Grundlage von Art. 6 Abs. 1 lit. f) erhoben (Datenverarbeitung zur Wahrung berechtigter Interessen), steht Ihnen das Recht zu, aus Gr\u00fcnden, die sich aus Ihrer besonderen Situation ergeben, jederzeit gegen die Verarbeitung Widerspruch einzulegen. Wir verarbeiten die personenbezogenen Daten dann nicht mehr, es sei denn, es liegen nachweisbar zwingend schutzw\u00fcrdige Gr\u00fcnde f\u00fcr die Verarbeitung vor, die die Interessen, Rechte und Freiheiten der betroffenen Person \u00fcberwiegen oder die Verarbeitung dient der Geltendmachung, Aus\u00fcbung oder Verteidigung von Rechtsanspr\u00fcchen.<\/p>\r\n\r\n<p>6. Beschwerderecht bei einer Aufsichtsbeh\u00f6rde<\/p>\r\n\r\n<p>Sie haben gem. Art. 77 DSGVO das Recht auf Beschwerde bei einer Aufsichtsbeh\u00f6rde, wenn Sie der Ansicht sind, dass die Verarbeitung der Sie betreffenden Daten gegen datenschutzrechtliche Bestimmungen verst\u00f6\u00dft. Das Beschwerderecht kann insbesondere bei einer Aufsichtsbeh\u00f6rde in dem Mitgliedstaat Ihres Aufenthaltsorts, Ihres Arbeitsplatzes oder des Orts des mutma\u00dflichen Versto\u00dfes geltend gemacht werden.<\/p>\r\n\r\n<p>&nbsp;<\/p>\r\n\r\n<h3 class=\"wp-block-heading\">6. Weitere Inhalte der Datenschutzerkl\u00e4rung<\/h3>\r\n\r\n<p>Wir verarbeiten Ihre personenbezogenen Daten gem\u00e4\u00df den geltenden datenschutzrechtlichen Bestimmungen auf Grundlage von \u00a7 26 BDSG. Wir verarbeiten die Daten, die Sie uns im Rahmen Ihrer Online-Bewerbung preisgeben ausschlie\u00dflich f\u00fcr den Zweck der Bewerberauswahl. Eine Datenverarbeitung zu anderen Zwecken erfolgt nicht.<\/p>\r\n\r\n<p>Sie selbst legen den Umfang der Daten fest, die Sie im Rahmen Ihrer Online-Bewerbung an uns \u00fcbermitteln m\u00f6chten. Online-Bewerbungen werden elektronisch an unsere Personalableitung \u00fcbertragen und dort schnellstm\u00f6glich bearbeitet. Im Regelfall werden Bewerbungen an die Leiter der zust\u00e4ndigen Fachabteilungen in unserem Haus weitergeleitet. Dar\u00fcber hinaus findet eine Weitergabe Ihrer Daten nicht statt. Ihre Angaben werden in unserem Haus vertraulich behandelt. Bei erfolgloser Bewerbung werden Ihre Unterlagen nach Ablauf von 6 Monaten gel\u00f6scht.<\/p>\r\n\r\n<p>F\u00fcr den Fall, dass wir Ihre Bewerbung auch bei anderen oder zuk\u00fcnftigen Stellenausschreibungen ber\u00fccksichtigen d\u00fcrfen, bitten wir um einen entsprechenden Vermerk auf der Bewerbung. Wir verarbeiten Ihre Daten dann auf Grundlage von Art. 6 Abs. 1 lit. a DSGVO.<\/p>\r\n\r\n<p>&nbsp;<\/p>\r\n<p>[\/vc_column_text][\/vc_column][\/vc_row]<\/p><\/div>","protected":false},"excerpt":{"rendered":"<p>[vc_row][vc_column][vc_column_text] Umsetzung von Informationspflichten f\u00fcr Datenschutzerkl\u00e4rungen 1. Datenschutzerkl\u00e4rung Wir freuen uns \u00fcber Ihren Besuch auf unseren Webseiten. Nachfolgend m\u00f6chten wir Sie \u00fcber den Umgang mit Ihren Daten gem. Art. 13 Datenschutzgrundverordnung (DSGVO) informieren. &nbsp; Verantwortlicher Verantwortlich f\u00fcr die nachfolgend dargestellte Datenerhebung und Verarbeitung ist die im Impressum genannte Stelle. &nbsp; Speicherung der IP-Adresse Wir speichern&hellip;<\/p>\n","protected":false},"author":1,"featured_media":0,"parent":0,"menu_order":0,"comment_status":"closed","ping_status":"closed","template":"template-microsite.php","meta":{"footnotes":""},"class_list":["post-1586","page","type-page","status-publish","hentry","description-off"],"_links":{"self":[{"href":"https:\/\/www.harbourgym.de\/index.php\/wp-json\/wp\/v2\/pages\/1586","targetHints":{"allow":["GET"]}}],"collection":[{"href":"https:\/\/www.harbourgym.de\/index.php\/wp-json\/wp\/v2\/pages"}],"about":[{"href":"https:\/\/www.harbourgym.de\/index.php\/wp-json\/wp\/v2\/types\/page"}],"author":[{"embeddable":true,"href":"https:\/\/www.harbourgym.de\/index.php\/wp-json\/wp\/v2\/users\/1"}],"replies":[{"embeddable":true,"href":"https:\/\/www.harbourgym.de\/index.php\/wp-json\/wp\/v2\/comments?post=1586"}],"version-history":[{"count":6,"href":"https:\/\/www.harbourgym.de\/index.php\/wp-json\/wp\/v2\/pages\/1586\/revisions"}],"predecessor-version":[{"id":1966,"href":"https:\/\/www.harbourgym.de\/index.php\/wp-json\/wp\/v2\/pages\/1586\/revisions\/1966"}],"wp:attachment":[{"href":"https:\/\/www.harbourgym.de\/index.php\/wp-json\/wp\/v2\/media?parent=1586"}],"curies":[{"name":"wp","href":"https:\/\/api.w.org\/{rel}","templated":true}]}}