{"id":1842,"date":"2019-11-04T16:23:06","date_gmt":"2019-11-04T16:23:06","guid":{"rendered":"https:\/\/www.harbourgym.de\/?page_id=1842"},"modified":"2020-07-08T14:06:07","modified_gmt":"2020-07-08T12:06:07","slug":"event-2019-11-charity","status":"publish","type":"page","link":"https:\/\/www.harbourgym.de\/index.php\/event-2019-11-charity\/","title":{"rendered":"Events 2019 &#8211; Charity &#8211; 30.11.2019"},"content":{"rendered":"<div class=\"wpb-content-wrapper\"><p>[vc_row][vc_column][vc_custom_heading text=&#8220;Charity Event 30.11.2019&#8243; font_container=&#8220;tag:h2|font_size:4em|text_align:center|color:%23dd3333|line_height:1.2em&#8220; use_theme_fonts=&#8220;yes&#8220;][vc_column_text]<strong><img loading=\"lazy\" decoding=\"async\" class=\" wp-image-1845 aligncenter\" src=\"https:\/\/www.harbourgym.de\/wp-content\/uploads\/2019\/11\/Harbour-Gym_Spendenaktion-300x217.jpg\" alt=\"\" width=\"604\" height=\"437\" srcset=\"https:\/\/www.harbourgym.de\/wp-content\/uploads\/2019\/11\/Harbour-Gym_Spendenaktion-300x217.jpg 300w, https:\/\/www.harbourgym.de\/wp-content\/uploads\/2019\/11\/Harbour-Gym_Spendenaktion-768x556.jpg 768w, https:\/\/www.harbourgym.de\/wp-content\/uploads\/2019\/11\/Harbour-Gym_Spendenaktion.jpg 803w\" sizes=\"auto, (max-width: 604px) 100vw, 604px\" \/><\/strong><\/p>\n<p><strong>Kann ich mich vorab f\u00fcr das Event anmelden, um Wartezeiten zu vermeiden?<\/strong><\/p>\n<p>Ja bitte!<\/p>\n<p>Falls <strong><em>du externer Unterst\u00fctzer\/Sportler<\/em><\/strong> bist, melde Dich bitte \u00fcber unser <a href=\"https:\/\/www.harbourgym.de\/index.php\/probetraining\/\">Probetraining<\/a> an. Es handelt sich hier nat\u00fcrlich um kein Probetraining (falls Du irgendwann mal doch ein kostenfreies Probetraining bei uns in Anspruch nehmen m\u00f6chtest), wir nutzen hierf\u00fcr nur die Funktion von Appointman. Du w\u00e4hlst bitte unter Probetraining deinen Termin\/Slot aus; scrolle bis zum Datum 30.11.2019 runter und dann wirst du die Slots CINDY 4 CHARITY sehen. Im Anschluss sucht du dir deine Wunschzeit aus und meldest dich an.<\/p>\n<p>Falls <em><strong>du<\/strong> <strong>Mitglied im Harbour Gym<\/strong><\/em> bist oder ein Paket\/Karte besitzt, kannst du ganz bequem Deine Appointman App verwenden. Gehe auf das Datum 30.11.2019 und suche dir deine Lieblingszeit aus. Eintragen und fertig!<\/p>\n<p>Falls es Probleme gibt oder du mehrere Slots buchen m\u00f6chtest, kannst du uns jeder Zeit per Handy oder Mail kontaktieren.<\/p>\n<p><strong style=\"word-spacing: normal;\">Ich habe noch nichts von dem Event geh\u00f6rt. Wer wird unterst\u00fctzt und was passiert am 30.11.2019?<\/strong><\/p>\n<p>Du kommst zu deiner Wunschzeit ins Harbour Gym Neuss, treibst &#8222;nur&#8220; 20 Minuten lang Sport und hast damit Kindern aus dem Hospiz in Neuss zu einem sch\u00f6neren Weihnachtsfest verholfen!!<\/p>\n<p>Das Harbour Gym m\u00f6chte jedes Jahr (immer am Samstag vor dem 1. Advent) eine hilfsbed\u00fcrftige Initiative in Neuss und Umgebung mit sportlichem Einsatz finanziell unterst\u00fctzen. Dieses Jahr freuen wir uns sehr das Kinderhospiz \u201e<a href=\"https:\/\/schmetterling-neuss.de\">Initiative Schmetterling\u201c<\/a> unterst\u00fctzen zu d\u00fcrfen. Das Harbour Gym Team k\u00fcmmert sich eigenst\u00e4ndig um die Akquise von Sponsoren und Geldern. Wir sind jedoch stark drauf angewiesen, dass sportliche Wohlt\u00e4ter wie du vorbeikommen und mitmachen, so dass das Geld an das Hospiz gespendet werden kann.<\/p>\n<p>Du kommst bitte am besten ca. 30 Minuten vor deiner eingetragenen Wunschzeit, um dich aufzuw\u00e4rmen. Wir haben einen zweiten Raum, wo du dich in Ruhe aufw\u00e4rmen kannst.<\/p>\n<p>Jede halbe Stunde beginnt ein neuer Slot. Falls du bereits deinen Slot online gebucht hast, gehst du zu deiner gew\u00e4hlten Zeit zu einem der Judges und dieser teilt dir dann mit wo du startest. Wir starten immer ca. 5 nach, bis alle an ihrem Platz sind. Dann hast du 20 Minuten Zeit so viele Wiederholungen zu absolvieren, wie du k\u00f6rperlich schaffst. Im Anschluss wird dein Ergebnis eingetragen und du bist fertig.<\/p>\n<p>Nach dem letzten Slot wird das Ergebnis mitgeteilt und es findet die \u00dcbergabe des &#8222;symbolischen Schecks&#8220; an das Kinderhospiz statt. Falls Du nicht so lange bei uns verweilen kannst, wirst Du alles auf Instagram oder Facebook verfolgen k\u00f6nnen.<\/p>\n<p><strong>Was passiert, wenn alle Slots online schon ausgebucht sind? Oder falls ich\/meine Freunde spontan vorbeikommen?<\/strong><\/p>\n<p>Falls Du vorab online siehst, dass alle Slots ausgebucht sind, dann schreibe uns und wir werden einen neuen Slot f\u00fcr dich\/euch einrichten. Alles ist machbar \ud83d\ude42<\/p>\n<p>Eine gro\u00dfe Bitte an alle, die kurzfristig doch nicht kommen k\u00f6nnen: Schreibe uns bitte per Handy oder Mail und sage ohne Grund einfach ab.<\/p>\n<p>Falls du spontan vorbeikommst oder Freunde von dir spontan mitkommen und sich vorab nicht angemeldet haben, werden wir auch daf\u00fcr eine L\u00f6sung finden. Jeder der helfen will, bekommt die Gelegenheit zu helfen.<\/p>\n<p><strong style=\"word-spacing: normal;\">Was muss ich sportlich vollbringen?<\/strong><\/p>\n<p>Wir w\u00e4hlen jedes Jahr aufs Neue ein WOD (Workout of the Day) aus der Crossfit-Sportart aus und geben unseren Teilnehmern 20 Minuten lang die Chance so viele Wiederholung wie nur m\u00f6glich zu schaffen. Du entscheidest wie viel und wie h\u00e4ufig du Pause machen m\u00f6chtest.<\/p>\n<p>Dieses Jahr haben wir uns f\u00fcr das WOD CINDY entschieden:<br \/>\n5 Pull-ups (Klimmz\u00fcge)<br \/>\n10 Push-ups (Liegest\u00fctz)<br \/>\n15 Squats (Kniebeugen)<\/p>\n<p>Damit es f\u00fcr jeden \u201eschaffbar\u201c ist, kannst du f\u00fcr die Klimmz\u00fcge ein Theraband unterst\u00fctzend verwenden und die Liegest\u00fctze auf einer erh\u00f6hten Box ausf\u00fchren.<\/p>\n<p><strong>Wie wird gespendet und wer sind die Sponsoren?<\/strong><\/p>\n<p>F\u00fcr jede Wiederholung wird ein Betrag zwischen 1-10 Cent gespendet. Sponsoren sind \u00fcberwiegend lokale Unternehmen, wie auch einige Privatpersonen. Wir haben das gro\u00dfe Gl\u00fcck noch weitere tolle Unterst\u00fctzer gefunden zu haben, die beispielsweise Obst und Getr\u00e4nke f\u00fcr die Teilnehmer spenden oder extra T-Shirts und Hoddies f\u00fcr das Event entworfen haben.<\/p>\n<p>Um einige unserer Sponsoren zu nennen:<\/p>\n<p><span style=\"color: #ffffff;\">a<img loading=\"lazy\" decoding=\"async\" class=\"wp-image-1867 alignleft\" src=\"https:\/\/www.harbourgym.de\/wp-content\/uploads\/2019\/11\/sponsoren-04-11-_2019_18-22-13-122x300.jpg\" alt=\"\" width=\"158\" height=\"388\" srcset=\"https:\/\/www.harbourgym.de\/wp-content\/uploads\/2019\/11\/sponsoren-04-11-_2019_18-22-13-122x300.jpg 122w, https:\/\/www.harbourgym.de\/wp-content\/uploads\/2019\/11\/sponsoren-04-11-_2019_18-22-13.jpg 334w\" sizes=\"auto, (max-width: 158px) 100vw, 158px\" \/><\/span><\/p>\n<p><a href=\"https:\/\/www.ufa-duesseldorf.de\/ufa-palast-duesseldorf-ihr-kino-in-duesseldorf.html\">UFA PALAST D\u00dcSSELDORF<\/a><\/p>\n<p><a href=\"https:\/\/oehme24.de\/\">OEHME BROT &amp; KUCHEN<\/a><\/p>\n<p><a href=\"https:\/\/guestid.info\">GUESTID<\/a><\/p>\n<p><a href=\"https:\/\/www.dues-eckert.de\/de\/\">D\u00dcS ECKERT <\/a><\/p>\n<p><a href=\"https:\/\/badschmiede.de\/\">BADSCHMIEDE<\/a> &amp;\u00a0<a href=\"https:\/\/rufdiemeister.de\/\">RUF DIE MEISTER<\/a><\/p>\n<p><a href=\"https:\/\/www.haustierkost.de\/\">HAUSTIERKOST<\/a><\/p>\n<p>WILLI N\u00dcCHTER<\/p>\n<p><span style=\"color: #ffffff;\">a<\/span><\/p>\n<p><span style=\"color: #ffffff;\">a<\/span><\/p>\n<p>Auf unserer <a href=\"https:\/\/www.instagram.com\/harbourgym\/?hl=de\">Instagram<\/a> und <a href=\"https:\/\/www.facebook.com\/harbourgym\/\">Facebook<\/a> Seite erf\u00e4hrst Du mehr \u00fcber alle unsere Sponsoren und Unterst\u00fctzer.<\/p>\n<p><strong>Gibt es noch etwas zu sagen?<\/strong><\/p>\n<p>JA! Wirklich jede Wiederholung z\u00e4hlt! Also z\u00f6gere nicht vorbeizukommen, auch falls Du denkst &#8222;Hmm, vielleicht bin ich nicht fit genug daf\u00fcr?!&#8220;. Wir freuen uns \u00fcber und ben\u00f6tigen jede tatkr\u00e4ftige Unterst\u00fctzung. Also Sportklamotten an, Freunde mitbringen und Wiederholungen spenden!!!<\/p>\n<p>Wenn Du uns gerne als Judge oder anderweitig unterst\u00fctzen m\u00f6chtest, schreib uns eine <a href=\"https:\/\/www.harbourgym.de\/index.php\/impressum\/\">E-Mail<\/a>.<br \/>\nWir freuen uns sehr von Dir zu h\u00f6ren!<\/p>\n<p>Lasst uns gemeinsam diesen Familien eine sch\u00f6nere Weihnachtszeit erm\u00f6glichen.<\/p>\n<p>Dein Harbour Gym Team bedankt sich herzlich[\/vc_column_text][\/vc_column][\/vc_row]<\/p>\n<\/div>","protected":false},"excerpt":{"rendered":"<p>[vc_row][vc_column][vc_custom_heading text=&#8220;Charity Event 30.11.2019&#8243; font_container=&#8220;tag:h2|font_size:4em|text_align:center|color:%23dd3333|line_height:1.2em&#8220; use_theme_fonts=&#8220;yes&#8220;][vc_column_text] Kann ich mich vorab f\u00fcr das Event anmelden, um Wartezeiten zu vermeiden? Ja bitte! Falls du externer Unterst\u00fctzer\/Sportler bist, melde Dich bitte \u00fcber unser Probetraining an. Es handelt sich hier nat\u00fcrlich um kein Probetraining (falls Du irgendwann mal doch ein kostenfreies Probetraining bei uns in Anspruch nehmen m\u00f6chtest), wir&hellip;<\/p>\n","protected":false},"author":2,"featured_media":0,"parent":0,"menu_order":0,"comment_status":"closed","ping_status":"closed","template":"template-microsite.php","meta":{"footnotes":""},"class_list":["post-1842","page","type-page","status-publish","hentry","description-off"],"_links":{"self":[{"href":"https:\/\/www.harbourgym.de\/index.php\/wp-json\/wp\/v2\/pages\/1842","targetHints":{"allow":["GET"]}}],"collection":[{"href":"https:\/\/www.harbourgym.de\/index.php\/wp-json\/wp\/v2\/pages"}],"about":[{"href":"https:\/\/www.harbourgym.de\/index.php\/wp-json\/wp\/v2\/types\/page"}],"author":[{"embeddable":true,"href":"https:\/\/www.harbourgym.de\/index.php\/wp-json\/wp\/v2\/users\/2"}],"replies":[{"embeddable":true,"href":"https:\/\/www.harbourgym.de\/index.php\/wp-json\/wp\/v2\/comments?post=1842"}],"version-history":[{"count":69,"href":"https:\/\/www.harbourgym.de\/index.php\/wp-json\/wp\/v2\/pages\/1842\/revisions"}],"predecessor-version":[{"id":2264,"href":"https:\/\/www.harbourgym.de\/index.php\/wp-json\/wp\/v2\/pages\/1842\/revisions\/2264"}],"wp:attachment":[{"href":"https:\/\/www.harbourgym.de\/index.php\/wp-json\/wp\/v2\/media?parent=1842"}],"curies":[{"name":"wp","href":"https:\/\/api.w.org\/{rel}","templated":true}]}}