{"id":2059,"date":"2020-07-07T13:27:37","date_gmt":"2020-07-07T11:27:37","guid":{"rendered":"https:\/\/www.harbourgym.de\/?page_id=2059"},"modified":"2020-07-10T14:05:47","modified_gmt":"2020-07-10T12:05:47","slug":"kids-dogs","status":"publish","type":"page","link":"https:\/\/www.harbourgym.de\/index.php\/kids-dogs\/","title":{"rendered":"Kids &#038; Dogs"},"content":{"rendered":"<div class=\"wpb-content-wrapper\"><p>[vc_row full_width=&#8220;stretch_row&#8220; css_animation=&#8220;none&#8220; bg_type=&#8220;image&#8220; parallax_style=&#8220;vcpb-default&#8220; bg_image_new=&#8220;id^1546|url^https:\/\/www.harbourgym.de\/wp-content\/uploads\/2019\/09\/9A4FB198-A1F9-4BC8-8C83-12588246413D.jpg|caption^null|alt^null|title^Im Harbour Gym kommt die ganze Familie mit zum Training!|description^null&#8220; bg_image_repeat=&#8220;no-repeat&#8220; css=&#8220;.vc_custom_1594157904497{margin-bottom: 50px !important;}&#8220;][vc_column][vc_empty_space height=&#8220;280px&#8220;][\/vc_column][\/vc_row][vc_row full_width=&#8220;stretch_row&#8220;][vc_column][vc_custom_heading text=&#8220;Kids &amp; Dogs&#8220; font_container=&#8220;tag:h2|font_size:4em|text_align:center|color:%23dd3333|line_height:1.2em&#8220; use_theme_fonts=&#8220;yes&#8220;][vc_column_text]<\/p>\n<h3><strong>Kinder und Hunde sind bei uns immer willkommen!<\/strong><\/h3>\n<p>Unsere Harbour Gym Community ist immer sehr offen und liebevoll zu allen kleinen Mitbewohnern, daher kannst Du jederzeit Deine Kinder und Deinen Hund mitbringen. Habe bitte Verst\u00e4ndnis daf\u00fcr, dass dies nur solange gut geht, solange die anderen Mittrainierenden beim Training nicht gest\u00f6rt werden. Daher w\u00e4re es von Vorteil, wenn sich Deine Kids w\u00e4hrend der Stunde gut selbst besch\u00e4ftigen k\u00f6nnen. Wir haben leider keine Kinderbetreuung vor Ort, die die Kleinen bespa\u00dfen.<\/p>\n<p>Wir freuen uns schon auf Deine Familie![\/vc_column_text][\/vc_column][\/vc_row]<\/p>\n<\/div>","protected":false},"excerpt":{"rendered":"<p>[vc_row full_width=&#8220;stretch_row&#8220; css_animation=&#8220;none&#8220; bg_type=&#8220;image&#8220; parallax_style=&#8220;vcpb-default&#8220; bg_image_new=&#8220;id^1546|url^https:\/\/www.harbourgym.de\/wp-content\/uploads\/2019\/09\/9A4FB198-A1F9-4BC8-8C83-12588246413D.jpg|caption^null|alt^null|title^Im Harbour Gym kommt die ganze Familie mit zum Training!|description^null&#8220; bg_image_repeat=&#8220;no-repeat&#8220; css=&#8220;.vc_custom_1594157904497{margin-bottom: 50px !important;}&#8220;][vc_column][vc_empty_space height=&#8220;280px&#8220;][\/vc_column][\/vc_row][vc_row full_width=&#8220;stretch_row&#8220;][vc_column][vc_custom_heading text=&#8220;Kids &amp; Dogs&#8220; font_container=&#8220;tag:h2|font_size:4em|text_align:center|color:%23dd3333|line_height:1.2em&#8220; use_theme_fonts=&#8220;yes&#8220;][vc_column_text] Kinder und Hunde sind bei uns immer willkommen! Unsere Harbour Gym Community ist immer sehr offen und liebevoll zu allen kleinen Mitbewohnern, daher kannst Du jederzeit Deine Kinder und&hellip;<\/p>\n","protected":false},"author":1,"featured_media":0,"parent":0,"menu_order":0,"comment_status":"closed","ping_status":"closed","template":"","meta":{"footnotes":""},"class_list":["post-2059","page","type-page","status-publish","hentry","description-off"],"_links":{"self":[{"href":"https:\/\/www.harbourgym.de\/index.php\/wp-json\/wp\/v2\/pages\/2059","targetHints":{"allow":["GET"]}}],"collection":[{"href":"https:\/\/www.harbourgym.de\/index.php\/wp-json\/wp\/v2\/pages"}],"about":[{"href":"https:\/\/www.harbourgym.de\/index.php\/wp-json\/wp\/v2\/types\/page"}],"author":[{"embeddable":true,"href":"https:\/\/www.harbourgym.de\/index.php\/wp-json\/wp\/v2\/users\/1"}],"replies":[{"embeddable":true,"href":"https:\/\/www.harbourgym.de\/index.php\/wp-json\/wp\/v2\/comments?post=2059"}],"version-history":[{"count":69,"href":"https:\/\/www.harbourgym.de\/index.php\/wp-json\/wp\/v2\/pages\/2059\/revisions"}],"predecessor-version":[{"id":2405,"href":"https:\/\/www.harbourgym.de\/index.php\/wp-json\/wp\/v2\/pages\/2059\/revisions\/2405"}],"wp:attachment":[{"href":"https:\/\/www.harbourgym.de\/index.php\/wp-json\/wp\/v2\/media?parent=2059"}],"curies":[{"name":"wp","href":"https:\/\/api.w.org\/{rel}","templated":true}]}}